{"id":793,"date":"2012-09-05T15:07:35","date_gmt":"2012-09-05T13:07:35","guid":{"rendered":"http:\/\/www.autogaz-szerviz.hu\/?page_id=793"},"modified":"2012-09-13T13:04:32","modified_gmt":"2012-09-13T11:04:32","slug":"warum-sollten-wir-umrusten","status":"publish","type":"page","link":"https:\/\/www.autogaz-szerviz.hu\/de\/warum-sollten-wir-umrusten\/","title":{"rendered":"Warum sollten wir umr\u00fcsten?"},"content":{"rendered":"<h3>Weil wir in der Umr\u00fcstung von vielen, leistungsf\u00e4higen Fahrzeugen lange Erfahrung haben<\/h3>\n<p>&nbsp;<\/p>\n<p><img loading=\"lazy\" decoding=\"async\" class=\"alignright size-full wp-image-624\" title=\"miert_mi\" src=\"http:\/\/www.autogaz-szerviz.hu\/wp-content\/uploads\/2012\/08\/miert_mi.png\" alt=\"\" width=\"199\" height=\"132\" \/><\/p>\n<p style=\"text-align: justify;\">Neben einer gro\u00dfen Anzahl von kleineren und mittleren Motoren haben Ford F-150 Harley Davidson Edition wir auch in der LPG-Umr\u00fcstung von gro\u00dfen Motoren (\u00fc\u00adber 170kW) Erfahrungen gesammelt, solche wie VW Touareg oder BMW X5 und die Umr\u00fcstung von US FGahrzeugen wie Ford F150, Dodge Ram oder Hummer 2. US import Fahrzeuge haben gro\u00dfes Zylindervolumen, h\u00f6heren Verbrauch, mehr Leistung und brauchen einen gr\u00f6\u00dferen Treibstoffdurchsatz. Au\u00dferdem haben die Einspritzd\u00fcsen eine niedrfigere Impedanz als europ\u00e4ische oder asiatische Fahrzeuge.<\/p>\n<p style=\"text-align: justify;\">\u00a0<\/p>\n<p style=\"text-align: justify;\">F\u00fcr diese leistungsf\u00e4hige Motoren hat Zavoli speziell den Super Zeta Verdampfer, die PAN Super Einspritzd\u00fcsen und die Super Multiventile entwickelt.<\/p>\n<p style=\"text-align: justify;\">\u00a0<\/p>\n<p style=\"text-align: justify;\">In zahlreichen L\u00e4ndern, u.a. in Deutschland wird eine gr\u00f6\u00dfere Anzahl von Fahrzeugen auf LPG-Betrieb umger\u00fcstet als in Ungarn. Wir verfolgen die technologische Entwicklung, erweitern unsere Kenntnisse und bauen die neuesten und bew\u00e4hrtesten Systeme ein.\u00a0\u00a0\u00a0<\/p>\n<p style=\"text-align: justify;\">\u00a0<\/p>\n<h3 style=\"text-align: justify;\">LPG &#8211; &#8222;Lowest Price Guarantee&#8220;, d.h. Preisgarantie<\/h3>\n<p>&nbsp;<\/p>\n<p>Wir garantieren Ihnen nicht nur den billigsten Spritpreis, sondern auch die preiswerteste Umr\u00fcstung! Wenn Sie innerhalb 30 Tage nach unserer Umr\u00fcstung ein besseres Angebot finden, so erstatten wir Ihnen 110% des Unterschieds!<\/p>\n<p>&nbsp;<\/p>\n<p>Bedingungen:<\/p>\n<p>&nbsp;<\/p>\n<ul>\n<li>Das Fremdangebot\u00a0 mu\u00df \u00fcber die gleichen Parameter verf\u00fcgen (LPG-System, Gastank, Anzeige , Einf\u00fcllstutze, usw.)<\/li>\n<li>Das Fremdangebot\u00a0 mu\u00df\u00a0 \u00fcber das Internet angeboten sein (\u00f6ffentliches Angebot)<\/li>\n<li>Das Fremdangebot\u00a0 darf keine Aktionspreise enthalten (Normalangebot) \u00ad<\/li>\n<\/ul>\n<p>&nbsp;<\/p>\n<p><strong>Im Dienste der LPG angetriebenen Fahrzeuge seit 1993!<\/strong><\/p>\n","protected":false},"excerpt":{"rendered":"<p>Weil wir in der Umr\u00fcstung von vielen, leistungsf\u00e4higen Fahrzeugen lange Erfahrung haben &nbsp; Neben einer gro\u00dfen Anzahl von kleineren und mittleren Motoren haben Ford F-150 Harley Davidson Edition wir auch in der LPG-Umr\u00fcstung von gro\u00dfen Motoren (\u00fc\u00adber 170kW) Erfahrungen gesammelt, solche wie VW Touareg oder BMW X5 und die Umr\u00fcstung von US FGahrzeugen wie Ford [&hellip;]<\/p>\n","protected":false},"author":1,"featured_media":0,"parent":0,"menu_order":16,"comment_status":"open","ping_status":"open","template":"","meta":{"footnotes":"","_links_to":"","_links_to_target":""},"class_list":["post-793","page","type-page","status-publish","hentry"],"aioseo_notices":[],"_links":{"self":[{"href":"https:\/\/www.autogaz-szerviz.hu\/de\/wp-json\/wp\/v2\/pages\/793","targetHints":{"allow":["GET"]}}],"collection":[{"href":"https:\/\/www.autogaz-szerviz.hu\/de\/wp-json\/wp\/v2\/pages"}],"about":[{"href":"https:\/\/www.autogaz-szerviz.hu\/de\/wp-json\/wp\/v2\/types\/page"}],"author":[{"embeddable":true,"href":"https:\/\/www.autogaz-szerviz.hu\/de\/wp-json\/wp\/v2\/users\/1"}],"replies":[{"embeddable":true,"href":"https:\/\/www.autogaz-szerviz.hu\/de\/wp-json\/wp\/v2\/comments?post=793"}],"version-history":[{"count":5,"href":"https:\/\/www.autogaz-szerviz.hu\/de\/wp-json\/wp\/v2\/pages\/793\/revisions"}],"predecessor-version":[{"id":796,"href":"https:\/\/www.autogaz-szerviz.hu\/de\/wp-json\/wp\/v2\/pages\/793\/revisions\/796"}],"wp:attachment":[{"href":"https:\/\/www.autogaz-szerviz.hu\/de\/wp-json\/wp\/v2\/media?parent=793"}],"curies":[{"name":"wp","href":"https:\/\/api.w.org\/{rel}","templated":true}]}}