{"id":780,"date":"2012-09-05T14:04:25","date_gmt":"2012-09-05T12:04:25","guid":{"rendered":"http:\/\/www.autogaz-szerviz.hu\/?page_id=780"},"modified":"2022-03-10T18:37:27","modified_gmt":"2022-03-10T17:37:27","slug":"preisliste-der-umrustung","status":"publish","type":"page","link":"https:\/\/www.autogaz-szerviz.hu\/de\/preisliste-der-umrustung\/","title":{"rendered":"Preisliste der Umr\u00fcstung"},"content":{"rendered":"<p style=\"text-align: justify;\"><img loading=\"lazy\" decoding=\"async\" class=\"alignleft size-full wp-image-647\" style=\"margin-bottom: 40px;\" title=\"autogaz_beszerelesi_arak\" src=\"http:\/\/www.autogaz-szerviz.hu\/wp-content\/uploads\/2012\/07\/autogaz_beszerelesi_arak.png\" alt=\"\" width=\"310\" height=\"196\" srcset=\"https:\/\/www.autogaz-szerviz.hu\/wp-content\/uploads\/2012\/07\/autogaz_beszerelesi_arak.png 310w, https:\/\/www.autogaz-szerviz.hu\/wp-content\/uploads\/2012\/07\/autogaz_beszerelesi_arak-300x189.png 300w\" sizes=\"auto, (max-width: 310px) 100vw, 310px\" \/>Seit 1993 unsere Firma hat mehrere tausend Fahrzeuge in bivalenten LPG-Betrieb umger\u00fcstet. Als erste in Ungarn haben wir mit der Umr\u00fcstung, bzw. Verkauf von Zavoli, AC STAG und D.T, Gas Systemen begonnen und die Zeit hat die gute Funktionalit\u00e4t und verl\u00e4sslichkeit dieser Produkte best\u00e4tigt. Diese Systeme wurden im Lande am meisten eingesetzt. Wir pflegen direkte Kontakte mit verschiedenen italienischen und polnischen Herstellern und so folgen wir die technologische Weiterentwicklung aus n\u00e4chster N\u00e4he und ohne Verz\u00f6gerung.<\/p>\n<p>&nbsp;<\/p>\n<h3 style=\"text-align: justify;\"><\/h3>\n<h3 style=\"text-align: justify;\">Multiport Einspritzsysteme (MPI)<\/h3>\n<p>&nbsp;<\/p>\n<p>Unsere Preise enthalten:<\/p>\n<ul>\n<li>den Einbau und die Regelung des gesamten Systems<\/li>\n<li>die Einzel- oder Typenabnahme inklusive NKH (Verkehrsbeh\u00f6rde in Ungarn) Kosten.<\/li>\n<\/ul>\n<p>&nbsp;<\/p>\n<p><strong>3 oder 4-Zylinder Otto-Motoren<\/strong><\/p>\n<p>&nbsp;<\/p>\n<table class=\"table-altalanos\">\n<tbody>\n<tr>\n<td width=\"450\">AC STAG-300-4 QBOX plus System, Zylindertank:<\/td>\n<td><strong>EUR ab 800 bis 1 000<br \/>\n<\/strong><\/td>\n<\/tr>\n<tr>\n<td width=\"450\">AC STAG-300-4 QBOX plus System, Radmuldentank:<\/td>\n<td><strong>EUR ab 800 bis 1 000<\/strong><\/td>\n<\/tr>\n<\/tbody>\n<\/table>\n<p>&nbsp;<\/p>\n<p>Die Umsr\u00fcstung von 4-Zylindenmotoren erfolgt an einem Arbeitstag.<\/p>\n<p>&nbsp;<\/p>\n<p><strong>5 oder 6-Zylinder Otto-Motoren<\/strong><\/p>\n<p>&nbsp;<\/p>\n<table class=\"table-altalanos\">\n<tbody>\n<tr>\n<td width=\"450\">AC STAG 300-6 QMAX plus system, Zylindertank:<\/td>\n<td><strong>EUR ab 1 100 bis 1 300<\/strong><\/td>\n<\/tr>\n<tr>\n<td width=\"450\">AC STAG 300-6 QMAX plus system, Radmuldentank:<\/td>\n<td><strong>EUR ab 1 100 bis 1 300<\/strong><\/td>\n<\/tr>\n<\/tbody>\n<\/table>\n<p>&nbsp;<\/p>\n<p><strong>8-Zylinder Otto-Motoren<\/strong><\/p>\n<p>&nbsp;<\/p>\n<table class=\"table-altalanos\">\n<tbody>\n<tr>\n<td width=\"450\">AC STAG 300-8 QMAX plus system, Zylindertank:<\/td>\n<td><strong>EUR ab 1 200 bis 1 750<\/strong><\/td>\n<\/tr>\n<tr>\n<td width=\"450\">AC STAG 300-8 QMAX plus system, Radmuldentank:<\/td>\n<td><strong>EUR ab 1 200 bis 1 750<\/strong><\/td>\n<\/tr>\n<\/tbody>\n<\/table>\n<p>&nbsp;<\/p>\n<p><strong>Otto-Motoren mit zentraler Einspritzung (durch Lambda-Sonde geregelt)<\/strong><\/p>\n<p>&nbsp;<\/p>\n<p>Diese Preisliste ist vom 01. Februar 2022 bis zur R\u00fccknahme g\u00fcltig.<\/p>\n","protected":false},"excerpt":{"rendered":"<p>Seit 1993 unsere Firma hat mehrere tausend Fahrzeuge in bivalenten LPG-Betrieb umger\u00fcstet. Als erste in Ungarn haben wir mit der Umr\u00fcstung, bzw. Verkauf von Zavoli, AC STAG und D.T, Gas Systemen begonnen und die Zeit hat die gute Funktionalit\u00e4t und verl\u00e4sslichkeit dieser Produkte best\u00e4tigt. Diese Systeme wurden im Lande am meisten eingesetzt. Wir pflegen direkte [&hellip;]<\/p>\n","protected":false},"author":1,"featured_media":0,"parent":0,"menu_order":15,"comment_status":"open","ping_status":"open","template":"","meta":{"footnotes":"","_links_to":"","_links_to_target":""},"class_list":["post-780","page","type-page","status-publish","hentry"],"aioseo_notices":[],"_links":{"self":[{"href":"https:\/\/www.autogaz-szerviz.hu\/de\/wp-json\/wp\/v2\/pages\/780","targetHints":{"allow":["GET"]}}],"collection":[{"href":"https:\/\/www.autogaz-szerviz.hu\/de\/wp-json\/wp\/v2\/pages"}],"about":[{"href":"https:\/\/www.autogaz-szerviz.hu\/de\/wp-json\/wp\/v2\/types\/page"}],"author":[{"embeddable":true,"href":"https:\/\/www.autogaz-szerviz.hu\/de\/wp-json\/wp\/v2\/users\/1"}],"replies":[{"embeddable":true,"href":"https:\/\/www.autogaz-szerviz.hu\/de\/wp-json\/wp\/v2\/comments?post=780"}],"version-history":[{"count":14,"href":"https:\/\/www.autogaz-szerviz.hu\/de\/wp-json\/wp\/v2\/pages\/780\/revisions"}],"predecessor-version":[{"id":1838,"href":"https:\/\/www.autogaz-szerviz.hu\/de\/wp-json\/wp\/v2\/pages\/780\/revisions\/1838"}],"wp:attachment":[{"href":"https:\/\/www.autogaz-szerviz.hu\/de\/wp-json\/wp\/v2\/media?parent=780"}],"curies":[{"name":"wp","href":"https:\/\/api.w.org\/{rel}","templated":true}]}}