{"id":741,"date":"2012-09-05T10:12:31","date_gmt":"2012-09-05T08:12:31","guid":{"rendered":"http:\/\/www.autogaz-szerviz.hu\/?page_id=741"},"modified":"2018-05-11T10:14:45","modified_gmt":"2018-05-11T08:14:45","slug":"kontakt","status":"publish","type":"page","link":"https:\/\/www.autogaz-szerviz.hu\/de\/kontakt\/","title":{"rendered":"Kontakt"},"content":{"rendered":"<h3>B\u00e1csg\u00e9pker GmbH.<\/h3>\n<p><strong>Komitat B\u00e1cs-Kiskun in Ungarn<\/strong><br \/>\n<strong>6440 J\u00e1noshalma, Kissz\u00e1ll\u00e1si \u00fat 11.<\/strong><br \/>\nUnser Betrieb k\u00f6nnen Sie von der Richtung aus Kiskunhalas etwa 500 meter vor dem Ortschaftschield auffinden. Gegen\u00fcber uns gibt es eine Fabrik f. EU-Paletten auf der Rechtseite, linkseitig k\u00f6nnen Sie einen gro\u00dfen Schield mit Beschriftung &#8222;VIZSGAB\u00c1ZIS&#8220; lesen, die uns geh\u00f6rt. Aus der Stadtmitte von J\u00e1noshalma sollen Sie die Richtung &#8222;Kiskunhalas&#8220; folgen und Ortschaftschield verlassen.<\/p>\n<h3>Rufnummer f. Umbau eines Fahrzeuges:<\/h3>\n<table class=\"table-simple-noborder-nopadding\">\n<tbody>\n<tr>\n<td><strong>Andris J\u00f3zsef<\/strong><\/td>\n<td><strong>Huczek Csaba<\/strong><\/td>\n<\/tr>\n<tr>\n<td>Technical Manager<\/td>\n<td>Service Manager<\/td>\n<\/tr>\n<\/tbody>\n<\/table>\n<table class=\"table-simple-border\">\n<tbody>\n<tr>\n<td><strong>Faxnummer:<\/strong><\/td>\n<td>+36(77)401-395<\/td>\n<\/tr>\n<tr>\n<td><strong>Handy:<\/strong><\/td>\n<td>+36(30)758-34-45<\/td>\n<\/tr>\n<tr>\n<td><strong>E-mail:<\/strong><\/td>\n<td>szerviz@bacsgepker.hu ; muszaki@bacsgepker.hu<\/td>\n<\/tr>\n<\/tbody>\n<\/table>\n<h3>&nbsp;<\/h3>\n<p>&nbsp;<\/p>\n<h3>Verkaufsabteilung f\u00fcr Partners mit&nbsp; MWST-Discountrecht:<\/h3>\n<p>&nbsp;<\/p>\n<table class=\"table-simple-noborder-nopadding\">\n<tbody>\n<tr>\n<td><strong>Dr. L\u00e1szl\u00f3 Feh\u00e9r<br \/>\n<\/strong><\/td>\n<\/tr>\n<tr>\n<td>Ansprechpartner f\u00fcr Vertrieb<\/td>\n<\/tr>\n<\/tbody>\n<\/table>\n<table class=\"table-simple-border\">\n<tbody>\n<tr>\n<td><strong>Handy:<\/strong><\/td>\n<td>+36(70)361-45-62<\/td>\n<\/tr>\n<tr>\n<td><strong>E-mail:<\/strong><\/td>\n<td>laszfeher@gmail.com<\/td>\n<\/tr>\n<\/tbody>\n<\/table>\n<p>Haben Sie eine Frage : autogaz@bacsgepker.hu<\/p>\n","protected":false},"excerpt":{"rendered":"<p>B\u00e1csg\u00e9pker GmbH. Komitat B\u00e1cs-Kiskun in Ungarn 6440 J\u00e1noshalma, Kissz\u00e1ll\u00e1si \u00fat 11. Unser Betrieb k\u00f6nnen Sie von der Richtung aus Kiskunhalas etwa 500 meter vor dem Ortschaftschield auffinden. Gegen\u00fcber uns gibt es eine Fabrik f. EU-Paletten auf der Rechtseite, linkseitig k\u00f6nnen Sie einen gro\u00dfen Schield mit Beschriftung &#8222;VIZSGAB\u00c1ZIS&#8220; lesen, die uns geh\u00f6rt. Aus der Stadtmitte von [&hellip;]<\/p>\n","protected":false},"author":1,"featured_media":0,"parent":0,"menu_order":28,"comment_status":"open","ping_status":"open","template":"template-elerhetoseg.php","meta":{"footnotes":"","_links_to":"","_links_to_target":""},"class_list":["post-741","page","type-page","status-publish","hentry"],"aioseo_notices":[],"_links":{"self":[{"href":"https:\/\/www.autogaz-szerviz.hu\/de\/wp-json\/wp\/v2\/pages\/741","targetHints":{"allow":["GET"]}}],"collection":[{"href":"https:\/\/www.autogaz-szerviz.hu\/de\/wp-json\/wp\/v2\/pages"}],"about":[{"href":"https:\/\/www.autogaz-szerviz.hu\/de\/wp-json\/wp\/v2\/types\/page"}],"author":[{"embeddable":true,"href":"https:\/\/www.autogaz-szerviz.hu\/de\/wp-json\/wp\/v2\/users\/1"}],"replies":[{"embeddable":true,"href":"https:\/\/www.autogaz-szerviz.hu\/de\/wp-json\/wp\/v2\/comments?post=741"}],"version-history":[{"count":12,"href":"https:\/\/www.autogaz-szerviz.hu\/de\/wp-json\/wp\/v2\/pages\/741\/revisions"}],"predecessor-version":[{"id":1342,"href":"https:\/\/www.autogaz-szerviz.hu\/de\/wp-json\/wp\/v2\/pages\/741\/revisions\/1342"}],"wp:attachment":[{"href":"https:\/\/www.autogaz-szerviz.hu\/de\/wp-json\/wp\/v2\/media?parent=741"}],"curies":[{"name":"wp","href":"https:\/\/api.w.org\/{rel}","templated":true}]}}