{"id":737,"date":"2012-09-05T09:52:06","date_gmt":"2012-09-05T07:52:06","guid":{"rendered":"http:\/\/www.autogaz-szerviz.hu\/?page_id=737"},"modified":"2012-09-13T13:02:31","modified_gmt":"2012-09-13T11:02:31","slug":"cng-autogas-erdgas","status":"publish","type":"page","link":"https:\/\/www.autogaz-szerviz.hu\/de\/cng-autogas-erdgas\/","title":{"rendered":"CNG Autogas (Erdgas)"},"content":{"rendered":"<p>Das verdichtete Erdgas oder Compressed Natural Gas (=CNG), ist eine Mischung von verschiedenen Kohle-hydrogen Gasen, die man sowohl als Treibstoff f\u00fcr Otto-Motoren als auch zum heizen einsetzen kann. Das Erdgas wird durch lange Rohrleitungen bis zum Endverbraucher verteilt. Die Qualit\u00e4t ist die gleiche f\u00fcr Autos wie f\u00fcr Haushalte oder Industrieverbraucher.<\/p>\n<p>&nbsp;<\/p>\n<p>Es gibt zwei Sorten je nach Herkunft:H-Gas beinhaltet 87-98% Methan und L-gas beinhaltet bis zu 87% Methan. (H &#8211; high calorie, L -\u00ad low calorie) Erdgas aus Russland ist H-Gas, unter dem Nordsee wird L-Gas gef\u00f6rdert. H-Gas beinhaltet in der Regel ungef\u00e4hr 90%-a Methan (CH4), der Rest ist Ethan (C2H6), Propane (C3H8), Butane (C4H10), Kohlendioxid (CO2) und Stickstoff (N2). Der Energiegehalt vom Erdgas kann von einer Pumpstation zur anderen unterschiedlich ausfallen, der Unterschied ist jedoch unter 5%. An den Tankstellen CNG wird nach Gewicht (in kg), LPG nach Volumen (in Litern) abgerechnet. F\u00fcr Preisvergleiche gilt, da\u00df 1 kg CNG (H-Gas) ungef\u00e4hr den gleichen Brennwert hat wie 2 liter LPG.<\/p>\n<p>&nbsp;<\/p>\n<p>Aufgrund der niedrigen Kondensationstemperatur um die -170C\u00ba Erdgas kann nicht in unserer Umgebung praktisch verfl\u00fcssigt werden. Es wird daher unter hohen Druck verdichtet bis zu 3000-3500psi (=&gt;200 bar) bei der Tankstelle oder in daheim installierten Ger\u00e4ten (USA). Der Betriebsdruck f\u00fcr Gastanks ist 200 bar. Wegen des hohen Drucks the Gastanks are Zylinderf\u00f6rmig um an die W\u00e4nde diesen Druck gleichm\u00e4\u00dfig zu verteilen. Die Tanks sind auf 600 bars getestet und sind aus Stahl oder Aluminiumlegierung. Neulich sind Tanks aus Aluminiumlegierung, die man in mit Kevlar verst\u00e4rkten Kohlenfasern Gewebe einbindet, entwickelt worden um das hohe Leergewicht von Stahlkontruktionen zu kompensieren.<\/p>\n<p>&nbsp;<\/p>\n<p>In Europa sind &#8222;Zapfstellen daheim&#8220; noch nicht erlaubt, wohl aber in den USA.<\/p>\n<p>&nbsp;<\/p>\n<p>Externe Verweise:<\/p>\n<ul>\n<li><a title=\"http:\/\/forum.index.hu\/Article\/showArticle?t=9101572\" href=\"http:\/\/forum.index.hu\/Article\/showArticle?t=9101572\" rel=\"nofollow\">Ungarische\u00a0 <strong>CNG<\/strong>-Forum<\/a>.<\/li>\n<li><a title=\"http:\/\/www.imw.ca\" href=\"http:\/\/www.imw.ca\/\" rel=\"nofollow\">IMW Industries Ltd. &#8211; <strong>CNG<\/strong> Compressors &#8211; Oil Free Gas<\/a>.<\/li>\n<li><a title=\"http:\/\/www.galileoar.com\/\" href=\"http:\/\/www.galileoar.com\/\" rel=\"nofollow\">GALILEO &#8211; Worldwide leader in <strong>CNG<\/strong> distribution and refilling systems.<\/a><\/li>\n<li><a title=\"http:\/\/www.cngchat.com\/\" href=\"http:\/\/www.cngchat.com\/\" rel=\"nofollow\"><strong>CNG<\/strong> Benutzer<\/a><\/li>\n<li><a title=\"http:\/\/www.cngforum.com\/cgi-bin\/yabb2\/YaBB.pl\" href=\"http:\/\/www.cngforum.com\/cgi-bin\/yabb2\/YaBB.pl\" rel=\"nofollow\"><strong>CNG<\/strong> Forum<\/a>.<\/li>\n<li><a title=\"http:\/\/www.metanoauto.com\" href=\"http:\/\/www.metanoauto.com\/\" rel=\"nofollow\">The Italian community of Natural Gas Vehicles<\/a> Forum, technische Info, Karten auch in Englisch, Franz\u00f6sisch und Deutsch erh\u00e4ltlich<\/li>\n<li><a title=\"http:\/\/www.cng-forum.com\" href=\"http:\/\/www.cng-forum.com\/\" rel=\"nofollow\">Deutsche\/Internationale <strong>CNG<\/strong> Forum<\/a>.<\/li>\n<li><a title=\"http:\/\/www.gnceros.com.ar\/\" href=\"http:\/\/www.gnceros.com.ar\/\" rel=\"nofollow\">Argentinische <strong>CNG<\/strong> Forum<\/a>.<\/li>\n<li><a title=\"http:\/\/www.enargas.gov.ar\/\" href=\"http:\/\/www.enargas.gov.ar\/\" rel=\"nofollow\">Argentinische Aufsichtsbeh\u00f6rde f\u00fcr <strong>CNG<\/strong><\/a>.<\/li>\n<li><a title=\"http:\/\/www.gnc.org.ar\/\" href=\"http:\/\/www.gnc.org.ar\/\" rel=\"nofollow\">Argentinische <strong>CNG<\/strong> Kammer<\/a>.<\/li>\n<li><a title=\"http:\/\/www.camaragnc.org.ar\/\" href=\"http:\/\/www.camaragnc.org.ar\/\" rel=\"nofollow\">Argentinische Kammer f\u00fcr <strong>CNG<\/strong> Tankstellen<\/a><\/li>\n<li><a title=\"http:\/\/cngtulsa.com\/\" href=\"http:\/\/cngtulsa.com\/\" rel=\"nofollow\"><strong>CNG<\/strong> Tulsa Informationsseite<\/a><\/li>\n<li><a title=\"http:\/\/www.cng.phorum.pl\" href=\"http:\/\/www.cng.phorum.pl\/\" rel=\"nofollow\">Polnische <strong>CNG<\/strong>-Forum<\/a>.<\/li>\n<\/ul>\n<p>&nbsp;<\/p>\n<p><a href=\"http:\/\/www.autogaz-szerviz.hu\/wp-content\/uploads\/2012\/09\/tankstellenverz_0718.pdf\">CNG-TANKSTELLEN IN \u00d6STERREICH (173 tankstellen)<\/a><\/p>\n<p>&nbsp;<\/p>\n","protected":false},"excerpt":{"rendered":"<p>Das verdichtete Erdgas oder Compressed Natural Gas (=CNG), ist eine Mischung von verschiedenen Kohle-hydrogen Gasen, die man sowohl als Treibstoff f\u00fcr Otto-Motoren als auch zum heizen einsetzen kann. Das Erdgas wird durch lange Rohrleitungen bis zum Endverbraucher verteilt. Die Qualit\u00e4t ist die gleiche f\u00fcr Autos wie f\u00fcr Haushalte oder Industrieverbraucher. &nbsp; Es gibt zwei Sorten [&hellip;]<\/p>\n","protected":false},"author":1,"featured_media":0,"parent":0,"menu_order":12,"comment_status":"open","ping_status":"open","template":"","meta":{"footnotes":"","_links_to":"","_links_to_target":""},"class_list":["post-737","page","type-page","status-publish","hentry"],"aioseo_notices":[],"_links":{"self":[{"href":"https:\/\/www.autogaz-szerviz.hu\/de\/wp-json\/wp\/v2\/pages\/737","targetHints":{"allow":["GET"]}}],"collection":[{"href":"https:\/\/www.autogaz-szerviz.hu\/de\/wp-json\/wp\/v2\/pages"}],"about":[{"href":"https:\/\/www.autogaz-szerviz.hu\/de\/wp-json\/wp\/v2\/types\/page"}],"author":[{"embeddable":true,"href":"https:\/\/www.autogaz-szerviz.hu\/de\/wp-json\/wp\/v2\/users\/1"}],"replies":[{"embeddable":true,"href":"https:\/\/www.autogaz-szerviz.hu\/de\/wp-json\/wp\/v2\/comments?post=737"}],"version-history":[{"count":7,"href":"https:\/\/www.autogaz-szerviz.hu\/de\/wp-json\/wp\/v2\/pages\/737\/revisions"}],"predecessor-version":[{"id":998,"href":"https:\/\/www.autogaz-szerviz.hu\/de\/wp-json\/wp\/v2\/pages\/737\/revisions\/998"}],"wp:attachment":[{"href":"https:\/\/www.autogaz-szerviz.hu\/de\/wp-json\/wp\/v2\/media?parent=737"}],"curies":[{"name":"wp","href":"https:\/\/api.w.org\/{rel}","templated":true}]}}