{"id":735,"date":"2012-09-05T09:50:50","date_gmt":"2012-09-05T07:50:50","guid":{"rendered":"http:\/\/www.autogaz-szerviz.hu\/?page_id=735"},"modified":"2012-09-13T13:01:47","modified_gmt":"2012-09-13T11:01:47","slug":"produkte","status":"publish","type":"page","link":"https:\/\/www.autogaz-szerviz.hu\/de\/produkte\/","title":{"rendered":"Produkte"},"content":{"rendered":"<table class=\"table-thumbnail-description\">\n<tbody>\n<tr>\n<td class=\"thumbnail-td\"><img loading=\"lazy\" decoding=\"async\" class=\"alignnone size-full wp-image-722\" title=\"tomasetto\" src=\"http:\/\/www.autogaz-szerviz.hu\/wp-content\/uploads\/2012\/07\/tomasetto1.png\" alt=\"\" width=\"210\" height=\"96\" \/><\/td>\n<td class=\"description-td\">\n<h3>Tomasetto<\/h3>\n<p>&nbsp;<\/p>\n<p style=\"text-align: justify;\">Firma Tomasetto ist in der Spitze des Innovations f. LPG und CNG-Teilen. Die Ausf\u00fchrung der Produkte sowie Metalarbeiten verwirklicht die Spitzenstufe entsprechend der aktuelen Technologienanspr\u00fcche.\u00a0Diesen Partner fanden wir in Tomasetto srl die \u00e4hnlich wie wir arbeiten.<\/p>\n<\/td>\n<\/tr>\n<tr>\n<td class=\"thumbnail-td\"><img loading=\"lazy\" decoding=\"async\" class=\"alignnone size-full wp-image-723\" title=\"lovato\" src=\"http:\/\/www.autogaz-szerviz.hu\/wp-content\/uploads\/2012\/07\/lovato1.png\" alt=\"\" width=\"210\" height=\"96\" \/><\/td>\n<td class=\"description-td\">\n<h3>Lovato<\/h3>\n<p>&nbsp;<\/p>\n<p style=\"text-align: justify;\">Lovato, mit Sitz im italienischen Vicenza, wurde bereits 1958 gegr\u00fcndet und ist einer der \u00e4ltesten Hersteller von Autogassystemen der Welt. Das Produktangebot umfasst Systeme f\u00fcr Fahrzeuge, Motorr\u00e4der und Marinemotoren. In Ungarn wird Lovato nur \u00fcber einen einzigen Generalimporteur vertrieben und hat somit ein stabiles Netz an Servicepoints.<\/p>\n<\/td>\n<\/tr>\n<tr>\n<td class=\"thumbnail-td\"><img loading=\"lazy\" decoding=\"async\" class=\"alignnone size-full wp-image-725\" title=\"atiker\" src=\"http:\/\/www.autogaz-szerviz.hu\/wp-content\/uploads\/2012\/07\/atiker1.png\" alt=\"\" width=\"210\" height=\"96\" \/><\/td>\n<td class=\"description-td\">\n<h3><a href=\"http:\/\/www.autogaz-szerviz.hu\/atiker\/\">Atiker<\/a><\/h3>\n<p>&nbsp;<\/p>\n<p style=\"text-align: justify;\">Atiker ist in der Spitze der Herstellung der Reserveradmuldentank und der Cylindertank des Herstellung .<\/p>\n<\/td>\n<\/tr>\n<tr>\n<td class=\"thumbnail-td\"><img loading=\"lazy\" decoding=\"async\" class=\"alignnone size-full wp-image-726\" title=\"flashlube\" src=\"http:\/\/www.autogaz-szerviz.hu\/wp-content\/uploads\/2012\/07\/flashlube.png\" alt=\"\" width=\"210\" height=\"96\" \/><\/td>\n<td class=\"description-td\">\n<h3><a href=\"http:\/\/www.autogaz-szerviz.hu\/flashlube\/\">Flash Lube<\/a><\/h3>\n<p>&nbsp;<\/p>\n<p style=\"text-align: justify;\">Flash Lube ist Weltmarkf\u00fchrer f\u00fcr Kraftstoff-Addit\u00edve und wird weltwelt verkauft. Die einmaligen Flashlube \u2013Addit\u00edvformeln sind wegwelsend f\u00fcr den Kraftstoff-Addit\u00edvmarkt. Flash Lube hat die Aufgabe, die h\u00f6here thermische Belastung durch K\u00fchlung aufzufangen. Soll es also nicht schmieren sondern nur K\u00fchlen? Denn die Schmierung sollte nicht das Problem sein \u2013 bleifreies Benzin schmiert ja auch kaum. Fakt ist: Die h\u00f6here Verbrennungstemperatur vom Gas gegen\u00fcber Benzin ist der Knackpunkt. Die h\u00f6here thermische Belastung der Ventile und der Ventilsitze ist in den meisten F\u00e4llen f\u00fcr Motorsch\u00e4den verantwortlich.<\/p>\n<\/td>\n<\/tr>\n<\/tbody>\n<\/table>\n","protected":false},"excerpt":{"rendered":"<p>Tomasetto &nbsp; Firma Tomasetto ist in der Spitze des Innovations f. LPG und CNG-Teilen. Die Ausf\u00fchrung der Produkte sowie Metalarbeiten verwirklicht die Spitzenstufe entsprechend der aktuelen Technologienanspr\u00fcche.\u00a0Diesen Partner fanden wir in Tomasetto srl die \u00e4hnlich wie wir arbeiten. Lovato &nbsp; Lovato, mit Sitz im italienischen Vicenza, wurde bereits 1958 gegr\u00fcndet und ist einer der \u00e4ltesten [&hellip;]<\/p>\n","protected":false},"author":1,"featured_media":0,"parent":0,"menu_order":11,"comment_status":"open","ping_status":"open","template":"","meta":{"footnotes":"","_links_to":"","_links_to_target":""},"class_list":["post-735","page","type-page","status-publish","hentry"],"aioseo_notices":[],"_links":{"self":[{"href":"https:\/\/www.autogaz-szerviz.hu\/de\/wp-json\/wp\/v2\/pages\/735","targetHints":{"allow":["GET"]}}],"collection":[{"href":"https:\/\/www.autogaz-szerviz.hu\/de\/wp-json\/wp\/v2\/pages"}],"about":[{"href":"https:\/\/www.autogaz-szerviz.hu\/de\/wp-json\/wp\/v2\/types\/page"}],"author":[{"embeddable":true,"href":"https:\/\/www.autogaz-szerviz.hu\/de\/wp-json\/wp\/v2\/users\/1"}],"replies":[{"embeddable":true,"href":"https:\/\/www.autogaz-szerviz.hu\/de\/wp-json\/wp\/v2\/comments?post=735"}],"version-history":[{"count":6,"href":"https:\/\/www.autogaz-szerviz.hu\/de\/wp-json\/wp\/v2\/pages\/735\/revisions"}],"predecessor-version":[{"id":997,"href":"https:\/\/www.autogaz-szerviz.hu\/de\/wp-json\/wp\/v2\/pages\/735\/revisions\/997"}],"wp:attachment":[{"href":"https:\/\/www.autogaz-szerviz.hu\/de\/wp-json\/wp\/v2\/media?parent=735"}],"curies":[{"name":"wp","href":"https:\/\/api.w.org\/{rel}","templated":true}]}}