{"id":731,"date":"2012-09-05T09:45:19","date_gmt":"2012-09-05T07:45:19","guid":{"rendered":"http:\/\/www.autogaz-szerviz.hu\/?page_id=731"},"modified":"2018-05-14T08:25:32","modified_gmt":"2018-05-14T06:25:32","slug":"uber-uns","status":"publish","type":"page","link":"https:\/\/www.autogaz-szerviz.hu\/de\/uber-uns\/","title":{"rendered":"\u00dcber uns"},"content":{"rendered":"<p>Der Vorg\u00e4nger unseres Unternehmens besch\u00e4ftigte sich mit \u00dcberholung von Otto- und Dieselmotoren, sowie Diesel-Einspritzpumpen. Die LPG Umr\u00fcstung haben wir in 1993 begonnen, nachdem LPG offiziell in Ungarn eingef\u00fchrt wurde.<\/p>\n<p>Seit diesem Beginn haben wir aus der Umr\u00fcstung mehrerer Tausend Fahrzeuge sehr viel Erfahrung gewonnen. Die angewandte Technik hat seither viele Fortschritte gemacht, das Autogas als alternativer Treibstoff hat sich jedoch immer mehr bew\u00e4hrt und ist neben Benzin und Dieselkraftstoff weltweit am meisten eingesetzt. In Ungarn hat sich diese Entwicklung anderen europ\u00e4ischen L\u00e4ndern gegen\u00fcber etwas verz\u00f6gert eingesetzt, wir sind jedoch \u00fcberzeugt davon, da\u00df wir unsere Mitb\u00fcrger \u00fcber die Vorteile der Benutzung von Gastreibstoffen (LPG, CNG) \u00fcberzeugen k\u00f6nnen.<\/p>\n<p>Wir halten die Motivation und das Teamwork unserer Mitarbeiter f\u00fcr sehr wichtig. Deshalb setzen wir in unseren Umr\u00fcstmannschaften erfahrenen \u00e4lteren mit lernf\u00e4higen jungen dynamischen Mitarbeiter gemischt ein.<\/p>\n<p>Seit Beginn haben wir gro\u00dfen Wert auf die Auswahl der LPG-Systeme, Produkte und zuverl\u00e4ssige Hersteller gelegt. Wir haben in Ungarn als erste das Zavoli MPI (Multi Port Injection) System verbaut und haben uns auch seit Beginn an den polnischen LPG-Markt angeschlossen. Im Augenblick unterhalten wir dierekte Verbindungen mit den folgenden Herstellern: Zavoli, Lovato, AEB, Rail, Valtek, OMB, AC-STAG, D.T. Gas System. Alle verbauten oder verkauften Systeme verf\u00fcgen \u00fcber die internationalen und ungarischen Genehmigungen.<\/p>\n<p>Wir haben den ISO 9001:2000 Qualit\u00e4ts Standard in 2000 bei uns eingef\u00fchrt.<\/p>\n<p>Seit September 2011&nbsp; steht unsere Technische Pr\u00fcfstelle auch f\u00fcr bivalent betriebene Fahrzeuge zur Verf\u00fcgung, wir k\u00f6nnen hier die T\u00dcV-Unersuchungen nach den ungarischen Vorschreibungen ausf\u00fchren und dokumentieren. Die Zulassungstelle ist im Geb\u00e4ude der Stadtverwaltung in J\u00e1noshalma in Arbeitszeiten erreichbar.<\/p>\n<p>Unsere Anstrengung ist es, unseren Kunden eine qualitativ hochwertige&nbsp; Dienstleistung zu annehmbaren Kosten zu bieten. Wir sind sehr erfreut, wenn unsere Kunden sich zur Umr\u00fcstung weiterer Fahzreuge wieder an uns wenden.<\/p>\n<p>Bald zwei Jahrzehnte im Dienste der Autogasumr\u00fcstung.<\/p>\n<p>Mit freundlichen Gr\u00fcssen, Ihr<\/p>\n<p><strong>Andris J\u00f3zsef<\/strong><br \/>\n<strong>Gesch\u00e4ftsf\u00fchrer<\/strong><\/p>\n","protected":false},"excerpt":{"rendered":"<p>Der Vorg\u00e4nger unseres Unternehmens besch\u00e4ftigte sich mit \u00dcberholung von Otto- und Dieselmotoren, sowie Diesel-Einspritzpumpen. Die LPG Umr\u00fcstung haben wir in 1993 begonnen, nachdem LPG offiziell in Ungarn eingef\u00fchrt wurde. Seit diesem Beginn haben wir aus der Umr\u00fcstung mehrerer Tausend Fahrzeuge sehr viel Erfahrung gewonnen. Die angewandte Technik hat seither viele Fortschritte gemacht, das Autogas als [&hellip;]<\/p>\n","protected":false},"author":1,"featured_media":0,"parent":0,"menu_order":28,"comment_status":"open","ping_status":"open","template":"","meta":{"footnotes":"","_links_to":"","_links_to_target":""},"class_list":["post-731","page","type-page","status-publish","hentry"],"aioseo_notices":[],"_links":{"self":[{"href":"https:\/\/www.autogaz-szerviz.hu\/de\/wp-json\/wp\/v2\/pages\/731","targetHints":{"allow":["GET"]}}],"collection":[{"href":"https:\/\/www.autogaz-szerviz.hu\/de\/wp-json\/wp\/v2\/pages"}],"about":[{"href":"https:\/\/www.autogaz-szerviz.hu\/de\/wp-json\/wp\/v2\/types\/page"}],"author":[{"embeddable":true,"href":"https:\/\/www.autogaz-szerviz.hu\/de\/wp-json\/wp\/v2\/users\/1"}],"replies":[{"embeddable":true,"href":"https:\/\/www.autogaz-szerviz.hu\/de\/wp-json\/wp\/v2\/comments?post=731"}],"version-history":[{"count":8,"href":"https:\/\/www.autogaz-szerviz.hu\/de\/wp-json\/wp\/v2\/pages\/731\/revisions"}],"predecessor-version":[{"id":1382,"href":"https:\/\/www.autogaz-szerviz.hu\/de\/wp-json\/wp\/v2\/pages\/731\/revisions\/1382"}],"wp:attachment":[{"href":"https:\/\/www.autogaz-szerviz.hu\/de\/wp-json\/wp\/v2\/media?parent=731"}],"curies":[{"name":"wp","href":"https:\/\/api.w.org\/{rel}","templated":true}]}}